{"id":69,"date":"2021-02-18T10:59:27","date_gmt":"2021-02-18T10:59:27","guid":{"rendered":"https:\/\/demosites.io\/neve-3\/shop\/"},"modified":"2023-06-02T16:47:19","modified_gmt":"2023-06-02T16:47:19","slug":"7b3c2-patterns","status":"publish","type":"page","link":"https:\/\/boldgate-advisory.com\/it\/7b3c2-homepage\/7b3c2-patterns\/","title":{"rendered":"M and A"},"content":{"rendered":"<div class=\"wp-block-columns is-layout-flex wp-container-core-columns-is-layout-9d6595d7 wp-block-columns-is-layout-flex\">\n<div class=\"wp-block-column is-layout-flow wp-block-column-is-layout-flow\">\n<div class=\"wp-block-group alignfull has-background-color has-white-color has-text-color has-background has-link-color wp-elements-b300918d27d654634054521f13660bee\" style=\"background-color:#342b42;padding-top:var(--wp--preset--spacing--30);padding-right:var(--wp--preset--spacing--30);padding-bottom:var(--wp--preset--spacing--30);padding-left:var(--wp--preset--spacing--30)\"><div class=\"wp-block-group__inner-container is-layout-constrained wp-container-core-group-is-layout-97875daf wp-block-group-is-layout-constrained\">\n<div class=\"wp-block-group alignwide is-content-justification-space-between is-layout-flex wp-container-core-group-is-layout-256aec57 wp-block-group-is-layout-flex\">\n<div class=\"wp-block-group is-layout-flex wp-block-group-is-layout-flex\"><div class=\"is-default-size wp-block-site-logo\"><a href=\"https:\/\/boldgate-advisory.com\/it\/\" class=\"custom-logo-link\" rel=\"home\"><img loading=\"lazy\" decoding=\"async\" width=\"5333\" height=\"4266\" src=\"https:\/\/boldgate-advisory.com\/wp-content\/uploads\/2023\/02\/FullColor_1280x1024_300dpi.png\" class=\"custom-logo\" alt=\"Boldgate Advisory\" srcset=\"https:\/\/boldgate-advisory.com\/wp-content\/uploads\/2023\/02\/FullColor_1280x1024_300dpi.png 5333w, https:\/\/boldgate-advisory.com\/wp-content\/uploads\/2023\/02\/FullColor_1280x1024_300dpi-300x240.png 300w, https:\/\/boldgate-advisory.com\/wp-content\/uploads\/2023\/02\/FullColor_1280x1024_300dpi-1024x819.png 1024w, https:\/\/boldgate-advisory.com\/wp-content\/uploads\/2023\/02\/FullColor_1280x1024_300dpi-768x614.png 768w\" sizes=\"auto, (max-width: 5333px) 100vw, 5333px\" \/><\/a><\/div><\/div>\n\n\n\n<div id=\"wp-block-themeisle-blocks-button-group-e8c4be57\" class=\"wp-block-themeisle-blocks-button-group wp-block-buttons\">\n<div id=\"wp-block-themeisle-blocks-button-3fbf6599\" class=\"wp-block-themeisle-blocks-button wp-block-button\"><a href=\"https:\/\/boldgate-advisory.com\/it\/7b3c2-homepage\/\" target=\"_self\" rel=\"noopener noreferrer\" class=\"wp-block-button__link\"><span>Benvenuti<\/span><\/a><\/div>\n\n\n\n<div id=\"wp-block-themeisle-blocks-button-c96f8cec\" class=\"wp-block-themeisle-blocks-button wp-block-button\"><a href=\"https:\/\/boldgate-advisory.com\/it\/services\/\" target=\"_self\" rel=\"noopener noreferrer\" class=\"wp-block-button__link\"><span>Servizi<\/span><\/a><\/div>\n\n\n\n<div id=\"wp-block-themeisle-blocks-button-613afa7d\" class=\"wp-block-themeisle-blocks-button wp-block-button\"><a href=\"https:\/\/boldgate-advisory.com\/it\/7b3c2-about\/\" target=\"_self\" rel=\"noopener noreferrer\" class=\"wp-block-button__link\"><span>Chi Siamo<\/span><\/a><\/div>\n\n\n\n<div id=\"wp-block-themeisle-blocks-button-c76efdd2\" class=\"wp-block-themeisle-blocks-button wp-block-button\"><a href=\"https:\/\/boldgate-advisory.com\/it\/7b3c2-contact\/\" target=\"_self\" rel=\"noopener noreferrer\" class=\"wp-block-button__link\"><span>Contattaci<\/span><\/a><\/div>\n<\/div>\n<\/div>\n<\/div><\/div>\n\n\n\n<div style=\"height:40px\" aria-hidden=\"true\" class=\"wp-block-spacer\"><\/div>\n\n\n\n<div class=\"wp-block-cover alignfull is-light\" style=\"min-height:230px;aspect-ratio:unset;\"><span aria-hidden=\"true\" class=\"wp-block-cover__background has-background-dim\" style=\"background-color:#eaeaea\"><\/span><img loading=\"lazy\" decoding=\"async\" width=\"1920\" height=\"1440\" class=\"wp-block-cover__image-background wp-image-625\" alt=\"\" src=\"https:\/\/boldgate-advisory.com\/wp-content\/uploads\/2023\/03\/architecture-2689542_1920-1.jpg\" data-object-fit=\"cover\" srcset=\"https:\/\/boldgate-advisory.com\/wp-content\/uploads\/2023\/03\/architecture-2689542_1920-1.jpg 1920w, https:\/\/boldgate-advisory.com\/wp-content\/uploads\/2023\/03\/architecture-2689542_1920-1-300x225.jpg 300w, https:\/\/boldgate-advisory.com\/wp-content\/uploads\/2023\/03\/architecture-2689542_1920-1-1024x768.jpg 1024w, https:\/\/boldgate-advisory.com\/wp-content\/uploads\/2023\/03\/architecture-2689542_1920-1-768x576.jpg 768w, https:\/\/boldgate-advisory.com\/wp-content\/uploads\/2023\/03\/architecture-2689542_1920-1-1536x1152.jpg 1536w\" sizes=\"auto, (max-width: 1920px) 100vw, 1920px\" \/><div class=\"wp-block-cover__inner-container is-layout-flow wp-block-cover-is-layout-flow\">\n<h2 class=\"wp-block-heading alignfull has-text-align-center has-text-color has-x-large-font-size\" style=\"color:#342b42\">Fusione e Acquisizione<\/h2>\n<\/div><\/div>\n\n\n\n<div style=\"height:85px\" aria-hidden=\"true\" class=\"wp-block-spacer\"><\/div>\n<\/div>\n<\/div>\n\n\n\n<p class=\"has-text-align-center has-medium-font-size\">Offriamo una vasta gamma di servizi per aiutare i nostri clienti a raggiungere i loro obiettivi di fusione e acquisizione. Le operazioni di fusione e acquisizione sono complesse ed \u00e8 essenziale avere un team esperto al proprio fianco per garantire un esito positivo. Il nostro team vanta anni di esperienza nel settore e ha aiutato numerose aziende a raggiungere i loro obiettivi di fusione e acquisizione. <\/p>\n\n\n\n<div style=\"height:115px\" aria-hidden=\"true\" class=\"wp-block-spacer\"><\/div>\n\n\n\n<div class=\"wp-block-columns are-vertically-aligned-top is-layout-flex wp-container-core-columns-is-layout-9d6595d7 wp-block-columns-is-layout-flex\">\n<div class=\"wp-block-column is-vertically-aligned-top is-layout-flow wp-block-column-is-layout-flow\">\n<h1 class=\"wp-block-heading has-text-align-center\">Conformit\u00e0 Normativa<\/h1>\n\n\n\n<p class=\"has-text-align-center has-medium-font-size\">La nostra collaborazione con importanti Studi Legali, Fiscalisti, Commercialisti, Auditors, garantisce che le operazioni di M&amp;A siano conformi ai requisiti normativi vigenti, come le leggi antitrust, le leggi sul trasferimento di quote e azioni e le normative fiscali. Assistiamo i nostri clienti attraverso il processo di mantenimento della conformit\u00e0 per ridurre al minimo i rischi e garantire un esito positivo.<\/p>\n<\/div>\n\n\n\n<div class=\"wp-block-column is-vertically-aligned-top is-layout-flow wp-block-column-is-layout-flow\">\n<h1 class=\"wp-block-heading has-text-align-center\">Due Diligence<\/h1>\n\n\n\n<p class=\"has-text-align-center has-medium-font-size\">Con la collaborazione di Studi Legali, Fiscalisti, Commercialisti, Auditors regolamentati, conduciamo un'accurata attivit\u00e0 di due-diligence per evitare spiacevoli sorprese dopo il completamento dell'operazione. Vengono esaminati i documenti finanziari e legali della societ\u00e0 target, nonch\u00e9 le sue capacit\u00e0 operative e strategiche, per identificare potenziali problemi e rischi.<\/p>\n<\/div>\n\n\n\n<div class=\"wp-block-column is-vertically-aligned-top is-layout-flow wp-block-column-is-layout-flow\">\n<h1 class=\"wp-block-heading has-text-align-center\">Integrazione Post-Merger<\/h1>\n\n\n\n<p class=\"has-text-align-center has-medium-font-size\">Forniamo un supporto completo per il processo di integrazione post-fusione, comprese le tempistiche, le tappe fondamentali e gli indicatori di performance. Comunichiamo strettamente con tutte le parti interessate per garantire che tutti siano informati e coinvolti.<\/p>\n<\/div>\n<\/div>\n\n\n\n<div style=\"height:45px\" aria-hidden=\"true\" class=\"wp-block-spacer\"><\/div>\n\n\n\n<div class=\"wp-block-columns is-layout-flex wp-container-core-columns-is-layout-9d6595d7 wp-block-columns-is-layout-flex\">\n<div class=\"wp-block-column is-layout-flow wp-block-column-is-layout-flow\">\n<h1 class=\"wp-block-heading has-text-align-center\">Integrazione<\/h1>\n\n\n\n<p class=\"has-text-align-center has-medium-font-size\">Forniamo un supporto completo per l'integrazione post-fusione, compresi l\u2019integrazione delle operazioni, dei sistemi e delle culture delle due organizzazioni. Gestiamo ogni potenziale resistenza da parte dei dipendenti o degli stakeholder per garantire una transizione senza problemi.<\/p>\n<\/div>\n\n\n\n<div class=\"wp-block-column is-layout-flow wp-block-column-is-layout-flow\">\n<h1 class=\"wp-block-heading has-text-align-center\">Finanziamenti<\/h1>\n\n\n\n<p class=\"has-text-align-center has-medium-font-size\">Affianchiamo i nostri clienti nella predisposizione di un piano di finanziamento che tenga conto dei potenziali rischi e benefici dell'operazione. Assistiamo i clienti nell'ottenere risorse finanziarie attraverso il debito, l'equity o una combinazione di entrambi, presentando loro il partner finanziario pi\u00f9 adatto all'operazione.<\/p>\n<\/div>\n\n\n\n<div class=\"wp-block-column is-layout-flow wp-block-column-is-layout-flow\">\n<h1 class=\"wp-block-heading has-text-align-center\">Valutazione<\/h1>\n\n\n\n<p class=\"has-text-align-center has-medium-font-size\">Utilizziamo diversi metodi per calcolare la valutazione, tra cui l'analisi dei flussi di cassa attualizzati, l'analisi dell'EBITDA attualizzato, l'analisi delle societ\u00e0 comparabili e l'analisi delle transazioni similari precedenti. Lavoriamo a stretto contatto con i nostri clienti per determinare la valutazione appropriata per la societ\u00e0 target.<\/p>\n<\/div>\n<\/div>\n\n\n\n<div style=\"height:45px\" aria-hidden=\"true\" class=\"wp-block-spacer\"><\/div>\n\n\n\n<div class=\"wp-block-columns is-layout-flex wp-container-core-columns-is-layout-9d6595d7 wp-block-columns-is-layout-flex\">\n<div class=\"wp-block-column is-layout-flow wp-block-column-is-layout-flow\">\n<h1 class=\"wp-block-heading has-text-align-center\">Pianificazione Strategica<\/h1>\n\n\n\n<p class=\"has-text-align-center has-medium-font-size\">Assistiamo i nostri clienti nello sviluppo di una strategia chiara per le loro operazioni di M&amp;A, che comprenda l'identificazione delle giuste societ\u00e0 target, la valutazione dei potenziali rischi e benefici e lo sviluppo di un solido piano di integrazione.<\/p>\n<\/div>\n\n\n\n<div class=\"wp-block-column is-layout-flow wp-block-column-is-layout-flow\">\n<h1 class=\"wp-block-heading has-text-align-center\">Negoziazione<\/h1>\n\n\n\n<p class=\"has-text-align-center has-medium-font-size\">Assistiamo i nostri clienti a negoziare i termini delle loro operazioni di M&amp;A, tenendo conto delle motivazioni e delle priorit\u00e0 del venditore, nonch\u00e9 delle tendenze del mercato e delle pressioni competitive. Assertivit\u00e0 e flessibilit\u00e0 per garantire un risultato soddisfacente.<\/p>\n<\/div>\n\n\n\n<div class=\"wp-block-column is-layout-flow wp-block-column-is-layout-flow\">\n<h1 class=\"wp-block-heading has-text-align-center\">Allineamento Culturale<\/h1>\n\n\n\n<p class=\"has-text-align-center has-medium-font-size\">Aiutiamo i nostri clienti a identificare tempestivamente i potenziali contrasti ed a sviluppare un piano per affrontarli. Ci assicuriamo che le due societ\u00e0 abbiano un allineamento culturale e che il processo di integrazione post-fusione si svolga senza problemi.<\/p>\n<\/div>\n<\/div>\n\n\n\n<div style=\"height:45px\" aria-hidden=\"true\" class=\"wp-block-spacer\"><\/div>\n\n\n\n<div class=\"wp-block-columns is-layout-flex wp-container-core-columns-is-layout-9d6595d7 wp-block-columns-is-layout-flex\">\n<div class=\"wp-block-column is-layout-flow wp-block-column-is-layout-flow\">\n<h2 class=\"wp-block-heading has-text-align-center\"> <\/h2>\n\n\n\n<p> <\/p>\n<\/div>\n\n\n\n<div class=\"wp-block-column is-layout-flow wp-block-column-is-layout-flow\">\n<h1 class=\"wp-block-heading has-text-align-center\">Sinergie<\/h1>\n\n\n\n<p class=\"has-text-align-center has-medium-font-size\">Aiutiamo i nostri clienti a identificare tempestivamente le potenziali sinergie e a sviluppare un piano per realizzarle. Assicuriamo che le societ\u00e0 post-merger ricevano i massimi benefici dalla transazione.<\/p>\n<\/div>\n\n\n\n<div class=\"wp-block-column is-layout-flow wp-block-column-is-layout-flow\">\n<h2 class=\"wp-block-heading\"> <\/h2>\n\n\n\n<p> <\/p>\n<\/div>\n<\/div>\n\n\n\n<div style=\"height:100px\" aria-hidden=\"true\" class=\"wp-block-spacer\"><\/div>\n\n\n\n<div class=\"wp-block-group alignfull has-background-color has-background\" style=\"background-color:#342b42;margin-top:0;margin-bottom:0;padding-top:var(--wp--preset--spacing--40);padding-right:var(--wp--preset--spacing--30);padding-bottom:var(--wp--preset--spacing--40);padding-left:var(--wp--preset--spacing--30)\"><div class=\"wp-block-group__inner-container is-layout-constrained wp-container-core-group-is-layout-91a691eb wp-block-group-is-layout-constrained\">\n<div id=\"wp-block-themeisle-blocks-button-group-42bfba0d\" class=\"wp-block-themeisle-blocks-button-group wp-block-buttons align-center-desktop\">\n<div id=\"wp-block-themeisle-blocks-button-f58f0e5e\" class=\"wp-block-themeisle-blocks-button wp-block-button\"><a href=\"https:\/\/boldgate-advisory.com\/it\/\" target=\"_self\" rel=\"noopener noreferrer\" class=\"wp-block-button__link\"><span>Benvenuti<\/span><\/a><\/div>\n\n\n\n<div id=\"wp-block-themeisle-blocks-button-04930e92\" class=\"wp-block-themeisle-blocks-button wp-block-button\"><a href=\"https:\/\/boldgate-advisory.com\/it\/services\/\" target=\"_self\" rel=\"noopener noreferrer\" class=\"wp-block-button__link\"><span>Servizi<\/span><\/a><\/div>\n\n\n\n<div id=\"wp-block-themeisle-blocks-button-13a5acfe\" class=\"wp-block-themeisle-blocks-button wp-block-button\"><a href=\"https:\/\/boldgate-advisory.com\/it\/7b3c2-homepage\/7b3c2-about\/\" target=\"_self\" rel=\"noopener noreferrer\" class=\"wp-block-button__link\"><span>Chi Siamo<\/span><\/a><\/div>\n\n\n\n<div id=\"wp-block-themeisle-blocks-button-205305c6\" class=\"wp-block-themeisle-blocks-button wp-block-button\"><a href=\"https:\/\/boldgate-advisory.com\/it\/7b3c2-homepage\/7b3c2-contact\/\" target=\"_self\" rel=\"noopener noreferrer\" class=\"wp-block-button__link\"><span>Contattaci<\/span><\/a><\/div>\n\n\n\n<div id=\"wp-block-themeisle-blocks-button-f7a9cebb\" class=\"wp-block-themeisle-blocks-button wp-block-button\"><a href=\"https:\/\/boldgate-advisory.com\/it\/7b3c2-homepage\/privacy-policy\/\" target=\"_self\" rel=\"noopener noreferrer\" class=\"wp-block-button__link\"><span>Privacy Policy<\/span><\/a><\/div>\n<\/div>\n<\/div><\/div>","protected":false},"excerpt":{"rendered":"<p>We offer a wide range of services to help our clients achieve their M&amp;A objectives. M&amp;A transactions are complex, and it&#8217;s essential to have an experienced team on your side to ensure a successful outcome. Our team has years of experience in the industry and has helped numerous businesses achieve their M&amp;A goals. Regulatory Compliance&hellip;&nbsp;<a href=\"https:\/\/boldgate-advisory.com\/it\/7b3c2-homepage\/7b3c2-patterns\/\" class=\"\" rel=\"bookmark\">Leggi tutto &raquo;<span class=\"screen-reader-text\">M and A<\/span><\/a><\/p>","protected":false},"author":2,"featured_media":0,"parent":425,"menu_order":0,"comment_status":"closed","ping_status":"closed","template":"","meta":{"neve_meta_sidebar":"","neve_meta_container":"contained","neve_meta_enable_content_width":"","neve_meta_content_width":0,"neve_meta_title_alignment":"center","neve_meta_author_avatar":"","neve_post_elements_order":"","neve_meta_disable_header":"","neve_meta_disable_footer":"","neve_meta_disable_title":"on","neve_meta_reading_time":"","_themeisle_gutenberg_block_has_review":false,"_ti_tpc_template_sync":false,"_ti_tpc_template_id":"8tfaut90mo4vul3r5n8o","footnotes":""},"class_list":["post-69","page","type-page","status-publish","hentry"],"_links":{"self":[{"href":"https:\/\/boldgate-advisory.com\/it\/wp-json\/wp\/v2\/pages\/69","targetHints":{"allow":["GET"]}}],"collection":[{"href":"https:\/\/boldgate-advisory.com\/it\/wp-json\/wp\/v2\/pages"}],"about":[{"href":"https:\/\/boldgate-advisory.com\/it\/wp-json\/wp\/v2\/types\/page"}],"author":[{"embeddable":true,"href":"https:\/\/boldgate-advisory.com\/it\/wp-json\/wp\/v2\/users\/2"}],"replies":[{"embeddable":true,"href":"https:\/\/boldgate-advisory.com\/it\/wp-json\/wp\/v2\/comments?post=69"}],"version-history":[{"count":5,"href":"https:\/\/boldgate-advisory.com\/it\/wp-json\/wp\/v2\/pages\/69\/revisions"}],"predecessor-version":[{"id":906,"href":"https:\/\/boldgate-advisory.com\/it\/wp-json\/wp\/v2\/pages\/69\/revisions\/906"}],"up":[{"embeddable":true,"href":"https:\/\/boldgate-advisory.com\/it\/wp-json\/wp\/v2\/pages\/425"}],"wp:attachment":[{"href":"https:\/\/boldgate-advisory.com\/it\/wp-json\/wp\/v2\/media?parent=69"}],"curies":[{"name":"wp","href":"https:\/\/api.w.org\/{rel}","templated":true}]}}